{"id":3678,"date":"2024-05-02T17:25:49","date_gmt":"2024-05-02T17:25:49","guid":{"rendered":"https:\/\/shop.logos-a.com\/?post_type=product&#038;p=3678"},"modified":"2024-05-02T17:26:53","modified_gmt":"2024-05-02T17:26:53","slug":"islami-ka-vend-edhe-per-te-tjeret-nexhat-ibrahimi","status":"publish","type":"product","link":"https:\/\/catalog.logos-a.com\/sq\/product\/islami-ka-vend-edhe-per-te-tjeret-nexhat-ibrahimi\/","title":{"rendered":"ISLAMI KA VEND EDHE P\u00cbR T\u00cb TJER\u00cbT | Nexhat Ibrahimi"},"content":{"rendered":"<p>V\u00ebshtrim konciz p\u00ebr konceptin e tjetrit dhe zem\u00ebrgjer\u00ebsin\u00eb ideore t\u00eb Islamit. Nga arabishtja: Ataullah Aliu<\/p>\n<p><\/p>\n","protected":false},"excerpt":{"rendered":"<p>V\u00ebshtrim konciz p\u00ebr konceptin e tjetrit dhe zem\u00ebrgjer\u00ebsin\u00eb ideore t\u00eb Islamit. Nga arabishtja: Ataullah Aliu<\/p>\n","protected":false},"featured_media":3733,"comment_status":"open","ping_status":"closed","template":"","meta":[],"product_brand":[],"product_cat":[98],"product_tag":[],"class_list":{"0":"post-3678","1":"product","2":"type-product","3":"status-publish","4":"has-post-thumbnail","6":"product_cat-biblioteka-e-xhepit","8":"first","9":"outofstock","10":"shipping-taxable","11":"product-type-simple"},"_links":{"self":[{"href":"https:\/\/catalog.logos-a.com\/sq\/wp-json\/wp\/v2\/product\/3678","targetHints":{"allow":["GET"]}}],"collection":[{"href":"https:\/\/catalog.logos-a.com\/sq\/wp-json\/wp\/v2\/product"}],"about":[{"href":"https:\/\/catalog.logos-a.com\/sq\/wp-json\/wp\/v2\/types\/product"}],"replies":[{"embeddable":true,"href":"https:\/\/catalog.logos-a.com\/sq\/wp-json\/wp\/v2\/comments?post=3678"}],"wp:featuredmedia":[{"embeddable":true,"href":"https:\/\/catalog.logos-a.com\/sq\/wp-json\/wp\/v2\/media\/3733"}],"wp:attachment":[{"href":"https:\/\/catalog.logos-a.com\/sq\/wp-json\/wp\/v2\/media?parent=3678"}],"wp:term":[{"taxonomy":"product_brand","embeddable":true,"href":"https:\/\/catalog.logos-a.com\/sq\/wp-json\/wp\/v2\/product_brand?post=3678"},{"taxonomy":"product_cat","embeddable":true,"href":"https:\/\/catalog.logos-a.com\/sq\/wp-json\/wp\/v2\/product_cat?post=3678"},{"taxonomy":"product_tag","embeddable":true,"href":"https:\/\/catalog.logos-a.com\/sq\/wp-json\/wp\/v2\/product_tag?post=3678"}],"curies":[{"name":"wp","href":"https:\/\/api.w.org\/{rel}","templated":true}]}}