{"id":3679,"date":"2024-05-02T17:25:49","date_gmt":"2024-05-02T17:25:49","guid":{"rendered":"https:\/\/shop.logos-a.com\/?post_type=product&#038;p=3679"},"modified":"2024-05-02T17:26:55","modified_gmt":"2024-05-02T17:26:55","slug":"konvertimi-dhe-asimilimi-i-dhimmi-ve-ne-perandorine-osmane-dr-mesut-idriz","status":"publish","type":"product","link":"https:\/\/catalog.logos-a.com\/sq\/product\/konvertimi-dhe-asimilimi-i-dhimmi-ve-ne-perandorine-osmane-dr-mesut-idriz\/","title":{"rendered":"KONVERTIMI DHE ASIMILIMI I DHIMMI-VE N\u00cb PERANDORIN\u00cb OSMANE | Dr. Mesut Idriz"},"content":{"rendered":"<p>Libri duke u mb\u00ebshtetur n\u00eb nj\u00eb dokument t\u00eb shekullit XVIII p\u00ebrpiqet ta analizoj\u00eb fenomenin e konvertimit t\u00eb jomysliman\u00ebve n\u00eb shtetin islam.<\/p>\n<div><\/div>\n","protected":false},"excerpt":{"rendered":"<p>Libri duke u mb\u00ebshtetur n\u00eb nj\u00eb dokument t\u00eb shekullit XVIII p\u00ebrpiqet ta analizoj\u00eb fenomenin e konvertimit t\u00eb jomysliman\u00ebve n\u00eb shtetin islam.<\/p>\n","protected":false},"featured_media":3734,"comment_status":"open","ping_status":"closed","template":"","meta":[],"product_brand":[],"product_cat":[98],"product_tag":[],"class_list":{"0":"post-3679","1":"product","2":"type-product","3":"status-publish","4":"has-post-thumbnail","6":"product_cat-biblioteka-e-xhepit","8":"first","9":"outofstock","10":"shipping-taxable","11":"product-type-simple"},"_links":{"self":[{"href":"https:\/\/catalog.logos-a.com\/sq\/wp-json\/wp\/v2\/product\/3679","targetHints":{"allow":["GET"]}}],"collection":[{"href":"https:\/\/catalog.logos-a.com\/sq\/wp-json\/wp\/v2\/product"}],"about":[{"href":"https:\/\/catalog.logos-a.com\/sq\/wp-json\/wp\/v2\/types\/product"}],"replies":[{"embeddable":true,"href":"https:\/\/catalog.logos-a.com\/sq\/wp-json\/wp\/v2\/comments?post=3679"}],"wp:featuredmedia":[{"embeddable":true,"href":"https:\/\/catalog.logos-a.com\/sq\/wp-json\/wp\/v2\/media\/3734"}],"wp:attachment":[{"href":"https:\/\/catalog.logos-a.com\/sq\/wp-json\/wp\/v2\/media?parent=3679"}],"wp:term":[{"taxonomy":"product_brand","embeddable":true,"href":"https:\/\/catalog.logos-a.com\/sq\/wp-json\/wp\/v2\/product_brand?post=3679"},{"taxonomy":"product_cat","embeddable":true,"href":"https:\/\/catalog.logos-a.com\/sq\/wp-json\/wp\/v2\/product_cat?post=3679"},{"taxonomy":"product_tag","embeddable":true,"href":"https:\/\/catalog.logos-a.com\/sq\/wp-json\/wp\/v2\/product_tag?post=3679"}],"curies":[{"name":"wp","href":"https:\/\/api.w.org\/{rel}","templated":true}]}}