{"id":3698,"date":"2024-05-02T17:26:14","date_gmt":"2024-05-02T17:26:14","guid":{"rendered":"https:\/\/shop.logos-a.com\/?post_type=product&#038;p=3698"},"modified":"2024-05-02T17:27:02","modified_gmt":"2024-05-02T17:27:02","slug":"koncepti-i-kuranit-per-daven-ataullah-aliu","status":"publish","type":"product","link":"https:\/\/catalog.logos-a.com\/sq\/product\/koncepti-i-kuranit-per-daven-ataullah-aliu\/","title":{"rendered":"KONCEPTI I KUR\u2019ANIT P\u00cbR DA\u2019VEN | Ataullah Aliu"},"content":{"rendered":"<p>Koncepti i thirrjes dhe paraqitje e vlerave t\u00eb Islamit \u00ebsht\u00eb tema ky\u00e7e q\u00eb diskutohet n\u00eb k\u00ebt\u00eb trajtes\u00eb t\u00eb shkurt\u00ebr.<\/p>\n","protected":false},"excerpt":{"rendered":"<p>Koncepti i thirrjes dhe paraqitje e vlerave t\u00eb Islamit \u00ebsht\u00eb tema ky\u00e7e q\u00eb diskutohet n\u00eb k\u00ebt\u00eb trajtes\u00eb t\u00eb shkurt\u00ebr.<\/p>\n","protected":false},"featured_media":3740,"comment_status":"open","ping_status":"closed","template":"","meta":[],"product_brand":[],"product_cat":[98],"product_tag":[],"class_list":{"0":"post-3698","1":"product","2":"type-product","3":"status-publish","4":"has-post-thumbnail","6":"product_cat-biblioteka-e-xhepit","8":"first","9":"outofstock","10":"shipping-taxable","11":"product-type-simple"},"_links":{"self":[{"href":"https:\/\/catalog.logos-a.com\/sq\/wp-json\/wp\/v2\/product\/3698","targetHints":{"allow":["GET"]}}],"collection":[{"href":"https:\/\/catalog.logos-a.com\/sq\/wp-json\/wp\/v2\/product"}],"about":[{"href":"https:\/\/catalog.logos-a.com\/sq\/wp-json\/wp\/v2\/types\/product"}],"replies":[{"embeddable":true,"href":"https:\/\/catalog.logos-a.com\/sq\/wp-json\/wp\/v2\/comments?post=3698"}],"wp:featuredmedia":[{"embeddable":true,"href":"https:\/\/catalog.logos-a.com\/sq\/wp-json\/wp\/v2\/media\/3740"}],"wp:attachment":[{"href":"https:\/\/catalog.logos-a.com\/sq\/wp-json\/wp\/v2\/media?parent=3698"}],"wp:term":[{"taxonomy":"product_brand","embeddable":true,"href":"https:\/\/catalog.logos-a.com\/sq\/wp-json\/wp\/v2\/product_brand?post=3698"},{"taxonomy":"product_cat","embeddable":true,"href":"https:\/\/catalog.logos-a.com\/sq\/wp-json\/wp\/v2\/product_cat?post=3698"},{"taxonomy":"product_tag","embeddable":true,"href":"https:\/\/catalog.logos-a.com\/sq\/wp-json\/wp\/v2\/product_tag?post=3698"}],"curies":[{"name":"wp","href":"https:\/\/api.w.org\/{rel}","templated":true}]}}