{"id":3702,"date":"2024-05-02T17:26:17","date_gmt":"2024-05-02T17:26:17","guid":{"rendered":"https:\/\/shop.logos-a.com\/?post_type=product&#038;p=3702"},"modified":"2024-05-02T17:27:08","modified_gmt":"2024-05-02T17:27:08","slug":"dimensioni-islam-dhe-kombetar-i-lidhjes-se-prizrenit-me-1878-nexhat-ibrahimi","status":"publish","type":"product","link":"https:\/\/catalog.logos-a.com\/sq\/product\/dimensioni-islam-dhe-kombetar-i-lidhjes-se-prizrenit-me-1878-nexhat-ibrahimi\/","title":{"rendered":"DIMENSIONI ISLAM DHE KOMB\u00cbTAR I LIDHJES S\u00cb PRIZRENIT M\u00cb 1878 | Nexhat Ibrahimi"},"content":{"rendered":"<p>Qasje ndryshe nga historiografia zyrtare shqiptare p\u00ebr bart\u00ebsit qen\u00ebsor\u00eb t\u00eb Lidhjes s\u00eb Prizrenit.Qasje ndryshe nga historiografia zyrtare shqiptare p\u00ebr bart\u00ebsit qen\u00ebsor\u00eb t\u00eb Lidhjes s\u00eb Prizrenit.<\/p>\n","protected":false},"excerpt":{"rendered":"<p>Qasje ndryshe nga historiografia zyrtare shqiptare p\u00ebr bart\u00ebsit qen\u00ebsor\u00eb t\u00eb Lidhjes s\u00eb Prizrenit.Qasje ndryshe nga historiografia zyrtare shqiptare p\u00ebr bart\u00ebsit qen\u00ebsor\u00eb t\u00eb Lidhjes s\u00eb Prizrenit.<\/p>\n","protected":false},"featured_media":3744,"comment_status":"open","ping_status":"closed","template":"","meta":[],"product_brand":[],"product_cat":[98],"product_tag":[],"class_list":{"0":"post-3702","1":"product","2":"type-product","3":"status-publish","4":"has-post-thumbnail","6":"product_cat-biblioteka-e-xhepit","8":"first","9":"outofstock","10":"shipping-taxable","11":"product-type-simple"},"_links":{"self":[{"href":"https:\/\/catalog.logos-a.com\/sq\/wp-json\/wp\/v2\/product\/3702","targetHints":{"allow":["GET"]}}],"collection":[{"href":"https:\/\/catalog.logos-a.com\/sq\/wp-json\/wp\/v2\/product"}],"about":[{"href":"https:\/\/catalog.logos-a.com\/sq\/wp-json\/wp\/v2\/types\/product"}],"replies":[{"embeddable":true,"href":"https:\/\/catalog.logos-a.com\/sq\/wp-json\/wp\/v2\/comments?post=3702"}],"wp:featuredmedia":[{"embeddable":true,"href":"https:\/\/catalog.logos-a.com\/sq\/wp-json\/wp\/v2\/media\/3744"}],"wp:attachment":[{"href":"https:\/\/catalog.logos-a.com\/sq\/wp-json\/wp\/v2\/media?parent=3702"}],"wp:term":[{"taxonomy":"product_brand","embeddable":true,"href":"https:\/\/catalog.logos-a.com\/sq\/wp-json\/wp\/v2\/product_brand?post=3702"},{"taxonomy":"product_cat","embeddable":true,"href":"https:\/\/catalog.logos-a.com\/sq\/wp-json\/wp\/v2\/product_cat?post=3702"},{"taxonomy":"product_tag","embeddable":true,"href":"https:\/\/catalog.logos-a.com\/sq\/wp-json\/wp\/v2\/product_tag?post=3702"}],"curies":[{"name":"wp","href":"https:\/\/api.w.org\/{rel}","templated":true}]}}