{"id":3703,"date":"2024-05-02T17:26:18","date_gmt":"2024-05-02T17:26:18","guid":{"rendered":"https:\/\/shop.logos-a.com\/?post_type=product&#038;p=3703"},"modified":"2024-05-02T17:27:09","modified_gmt":"2024-05-02T17:27:09","slug":"sicilia-ngritja-dhe-renia-e-muslimaneve-salah-zaimeche","status":"publish","type":"product","link":"https:\/\/catalog.logos-a.com\/sq\/product\/sicilia-ngritja-dhe-renia-e-muslimaneve-salah-zaimeche\/","title":{"rendered":"SICILIA, NGRITJA DHE R\u00cbNIA E MUSLIMAN\u00cbVE | Salah Zaimeche"},"content":{"rendered":"<p>P\u00ebrmbledhje e informacioneve dhe njohurive interesante n\u00eb lidhje me mysliman\u00ebt e Sicilis\u00eb.&nbsp; Nga anglishtja &#8211; Hanife Aliji-Dauti<\/p>\n<p><\/p>\n","protected":false},"excerpt":{"rendered":"<p>P\u00ebrmbledhje e informacioneve dhe njohurive interesante n\u00eb lidhje me mysliman\u00ebt e Sicilis\u00eb.&nbsp; Nga anglishtja &#8211; Hanife Aliji-Dauti<\/p>\n","protected":false},"featured_media":3745,"comment_status":"open","ping_status":"closed","template":"","meta":[],"product_brand":[],"product_cat":[98],"product_tag":[],"class_list":{"0":"post-3703","1":"product","2":"type-product","3":"status-publish","4":"has-post-thumbnail","6":"product_cat-biblioteka-e-xhepit","8":"first","9":"outofstock","10":"shipping-taxable","11":"product-type-simple"},"_links":{"self":[{"href":"https:\/\/catalog.logos-a.com\/sq\/wp-json\/wp\/v2\/product\/3703","targetHints":{"allow":["GET"]}}],"collection":[{"href":"https:\/\/catalog.logos-a.com\/sq\/wp-json\/wp\/v2\/product"}],"about":[{"href":"https:\/\/catalog.logos-a.com\/sq\/wp-json\/wp\/v2\/types\/product"}],"replies":[{"embeddable":true,"href":"https:\/\/catalog.logos-a.com\/sq\/wp-json\/wp\/v2\/comments?post=3703"}],"wp:featuredmedia":[{"embeddable":true,"href":"https:\/\/catalog.logos-a.com\/sq\/wp-json\/wp\/v2\/media\/3745"}],"wp:attachment":[{"href":"https:\/\/catalog.logos-a.com\/sq\/wp-json\/wp\/v2\/media?parent=3703"}],"wp:term":[{"taxonomy":"product_brand","embeddable":true,"href":"https:\/\/catalog.logos-a.com\/sq\/wp-json\/wp\/v2\/product_brand?post=3703"},{"taxonomy":"product_cat","embeddable":true,"href":"https:\/\/catalog.logos-a.com\/sq\/wp-json\/wp\/v2\/product_cat?post=3703"},{"taxonomy":"product_tag","embeddable":true,"href":"https:\/\/catalog.logos-a.com\/sq\/wp-json\/wp\/v2\/product_tag?post=3703"}],"curies":[{"name":"wp","href":"https:\/\/api.w.org\/{rel}","templated":true}]}}