{"id":3706,"date":"2024-05-02T17:26:21","date_gmt":"2024-05-02T17:26:21","guid":{"rendered":"https:\/\/shop.logos-a.com\/?post_type=product&#038;p=3706"},"modified":"2024-05-02T17:27:25","modified_gmt":"2024-05-02T17:27:25","slug":"filozofia-pereniale-dhe-tradicionalizmi-ne-epoken-moderne-metin-izeti","status":"publish","type":"product","link":"https:\/\/catalog.logos-a.com\/sq\/product\/filozofia-pereniale-dhe-tradicionalizmi-ne-epoken-moderne-metin-izeti\/","title":{"rendered":"FILOZOFIA PERENIALE DHE TRADICIONALIZMI N\u00cb EPOK\u00cbN MODERNE | Metin Izeti"},"content":{"rendered":"<p>Ideja e urtis\u00eb s\u00eb p\u00ebrjetshme dhe pasqyrimet mimetike t\u00eb saj n\u00eb koh\u00eb dhe hap\u00ebsir\u00eb jan\u00eb tema bosht e k\u00ebsaj trajtese shkencore.<\/p>\n","protected":false},"excerpt":{"rendered":"<p>Ideja e urtis\u00eb s\u00eb p\u00ebrjetshme dhe pasqyrimet mimetike t\u00eb saj n\u00eb koh\u00eb dhe hap\u00ebsir\u00eb jan\u00eb tema bosht e k\u00ebsaj trajtese shkencore.<\/p>\n","protected":false},"featured_media":3763,"comment_status":"open","ping_status":"closed","template":"","meta":[],"product_brand":[],"product_cat":[98],"product_tag":[],"class_list":{"0":"post-3706","1":"product","2":"type-product","3":"status-publish","4":"has-post-thumbnail","6":"product_cat-biblioteka-e-xhepit","8":"first","9":"outofstock","10":"shipping-taxable","11":"product-type-simple"},"_links":{"self":[{"href":"https:\/\/catalog.logos-a.com\/sq\/wp-json\/wp\/v2\/product\/3706","targetHints":{"allow":["GET"]}}],"collection":[{"href":"https:\/\/catalog.logos-a.com\/sq\/wp-json\/wp\/v2\/product"}],"about":[{"href":"https:\/\/catalog.logos-a.com\/sq\/wp-json\/wp\/v2\/types\/product"}],"replies":[{"embeddable":true,"href":"https:\/\/catalog.logos-a.com\/sq\/wp-json\/wp\/v2\/comments?post=3706"}],"wp:featuredmedia":[{"embeddable":true,"href":"https:\/\/catalog.logos-a.com\/sq\/wp-json\/wp\/v2\/media\/3763"}],"wp:attachment":[{"href":"https:\/\/catalog.logos-a.com\/sq\/wp-json\/wp\/v2\/media?parent=3706"}],"wp:term":[{"taxonomy":"product_brand","embeddable":true,"href":"https:\/\/catalog.logos-a.com\/sq\/wp-json\/wp\/v2\/product_brand?post=3706"},{"taxonomy":"product_cat","embeddable":true,"href":"https:\/\/catalog.logos-a.com\/sq\/wp-json\/wp\/v2\/product_cat?post=3706"},{"taxonomy":"product_tag","embeddable":true,"href":"https:\/\/catalog.logos-a.com\/sq\/wp-json\/wp\/v2\/product_tag?post=3706"}],"curies":[{"name":"wp","href":"https:\/\/api.w.org\/{rel}","templated":true}]}}