{"id":3724,"date":"2024-05-02T17:26:45","date_gmt":"2024-05-02T17:26:45","guid":{"rendered":"https:\/\/shop.logos-a.com\/?post_type=product&#038;p=3724"},"modified":"2024-05-02T17:27:31","modified_gmt":"2024-05-02T17:27:31","slug":"%d0%ba%d1%83%d0%bb%d1%82%d1%83%d1%80%d0%b0%d1%82%d0%b0-%d0%bd%d0%b0-%d1%80%d0%b5%d0%bb%d0%b8%d0%b3%d0%b8%d0%be%d0%b7%d0%bd%d0%b0%d1%82%d0%b0-%d1%82%d0%be%d0%bb%d0%b5%d1%80%d0%b0%d0%bd%d1%86%d0%b8","status":"publish","type":"product","link":"https:\/\/catalog.logos-a.com\/sq\/product\/%d0%ba%d1%83%d0%bb%d1%82%d1%83%d1%80%d0%b0%d1%82%d0%b0-%d0%bd%d0%b0-%d1%80%d0%b5%d0%bb%d0%b8%d0%b3%d0%b8%d0%be%d0%b7%d0%bd%d0%b0%d1%82%d0%b0-%d1%82%d0%be%d0%bb%d0%b5%d1%80%d0%b0%d0%bd%d1%86%d0%b8\/","title":{"rendered":"\u041a\u0423\u041b\u0422\u0423\u0420\u0410\u0422\u0410 \u041d\u0410 \u0420\u0415\u041b\u0418\u0413\u0418\u041e\u0417\u041d\u0410\u0422\u0410 \u0422\u041e\u041b\u0415\u0420\u0410\u041d\u0426\u0418\u0408\u0410 \u041d\u0410 \u041e\u0421\u041c\u0410\u041d\u041b\u0418\u0421\u041a\u0410\u0422\u0410 \u0418\u041c\u041f\u0415\u0420\u0418\u0408\u0410 | \u040c\u0430\u043d\u0438 \u041d\u0435\u0441\u0438\u043c\u0438 (KULTURA DHE TOLERANCA ND\u00cbRFETARE  N\u00cb Perandorin\u00eb Osmane | Qani Nesimi)"},"content":{"rendered":"<p>Toleranca nd\u00ebrfetare dhe nd\u00ebrtimi i kultur\u00ebs s\u00eb mir\u00ebkuptimit t\u00eb tjetrit e p\u00ebrb\u00ebjn\u00eb boshtin tematik t\u00eb k\u00ebsaj trajtese. Libri \u00ebsht\u00eb botuar n\u00eb gjuh\u00ebn maqedonase.<\/p>\n","protected":false},"excerpt":{"rendered":"<p>Toleranca nd\u00ebrfetare dhe nd\u00ebrtimi i kultur\u00ebs s\u00eb mir\u00ebkuptimit t\u00eb tjetrit e p\u00ebrb\u00ebjn\u00eb boshtin tematik t\u00eb k\u00ebsaj trajtese. Libri \u00ebsht\u00eb botuar n\u00eb gjuh\u00ebn maqedonase.<\/p>\n","protected":false},"featured_media":3743,"comment_status":"open","ping_status":"closed","template":"","meta":[],"product_brand":[],"product_cat":[98],"product_tag":[],"class_list":{"0":"post-3724","1":"product","2":"type-product","3":"status-publish","4":"has-post-thumbnail","6":"product_cat-biblioteka-e-xhepit","8":"first","9":"outofstock","10":"shipping-taxable","11":"product-type-simple"},"_links":{"self":[{"href":"https:\/\/catalog.logos-a.com\/sq\/wp-json\/wp\/v2\/product\/3724","targetHints":{"allow":["GET"]}}],"collection":[{"href":"https:\/\/catalog.logos-a.com\/sq\/wp-json\/wp\/v2\/product"}],"about":[{"href":"https:\/\/catalog.logos-a.com\/sq\/wp-json\/wp\/v2\/types\/product"}],"replies":[{"embeddable":true,"href":"https:\/\/catalog.logos-a.com\/sq\/wp-json\/wp\/v2\/comments?post=3724"}],"wp:featuredmedia":[{"embeddable":true,"href":"https:\/\/catalog.logos-a.com\/sq\/wp-json\/wp\/v2\/media\/3743"}],"wp:attachment":[{"href":"https:\/\/catalog.logos-a.com\/sq\/wp-json\/wp\/v2\/media?parent=3724"}],"wp:term":[{"taxonomy":"product_brand","embeddable":true,"href":"https:\/\/catalog.logos-a.com\/sq\/wp-json\/wp\/v2\/product_brand?post=3724"},{"taxonomy":"product_cat","embeddable":true,"href":"https:\/\/catalog.logos-a.com\/sq\/wp-json\/wp\/v2\/product_cat?post=3724"},{"taxonomy":"product_tag","embeddable":true,"href":"https:\/\/catalog.logos-a.com\/sq\/wp-json\/wp\/v2\/product_tag?post=3724"}],"curies":[{"name":"wp","href":"https:\/\/api.w.org\/{rel}","templated":true}]}}