{"id":4018,"date":"2024-05-02T17:32:13","date_gmt":"2024-05-02T17:32:13","guid":{"rendered":"https:\/\/shop.logos-a.com\/?post_type=product&#038;p=4018"},"modified":"2024-05-02T17:32:59","modified_gmt":"2024-05-02T17:32:59","slug":"sufiu-dhe-arti-artikuj-konferenca-2-mahmud-erol-kilic","status":"publish","type":"product","link":"https:\/\/catalog.logos-a.com\/sq\/product\/sufiu-dhe-arti-artikuj-konferenca-2-mahmud-erol-kilic\/","title":{"rendered":"SUFIU DHE ARTI  &#8211; Artikuj, konferenca 2 | Mahmud Erol K\u0131l\u0131\u00e7"},"content":{"rendered":"<p>\u00c7\u00ebshtjen rr\u00ebnj\u00ebsore p\u00ebr \u00e7do struktur\u00eb shpirt\u00ebrore e p\u00ebrb\u00ebn, s\u00eb pari marr\u00ebdh\u00ebnia me jostruktur\u00ebn, me bot\u00ebn q\u00eb shtrihet p\u00ebrtej t\u00eb dukshmes dhe s\u00eb dyti, marr\u00ebdh\u00ebnia e statik\u00ebs me dinamik\u00ebn n\u00eb kuad\u00ebr t\u00eb struktur\u00ebs. Pik\u00ebrisht kjo vep\u00ebr e K\u00ebll\u00eb\u00e7it i analizon k\u00ebto dy \u00e7\u00ebshtje n\u00eb kuad\u00ebr t\u00eb p\u00ebrshpirtshm\u00ebris\u00eb islame, e p\u00ebrfaq\u00ebsuar n\u00eb poezin\u00eb e dekan\u00ebve t\u00eb tesavvufit gjat\u00eb historis\u00eb.<\/p>\n<p>Autor: Mahmud Erol K\u0131l\u0131\u00e7 &nbsp;<br \/>Nga turqishtja: Metin Izeti <br \/>ISBN ISBN 978-9989-58-595-1 | Faqe: 218<\/p>\n","protected":false},"excerpt":{"rendered":"<p>\u00c7\u00ebshtjen rr\u00ebnj\u00ebsore p\u00ebr \u00e7do struktur\u00eb shpirt\u00ebrore e p\u00ebrb\u00ebn, s\u00eb pari marr\u00ebdh\u00ebnia me jostruktur\u00ebn, me bot\u00ebn q\u00eb shtrihet p\u00ebrtej t\u00eb dukshmes dhe s\u00eb dyti, marr\u00ebdh\u00ebnia e statik\u00ebs me dinamik\u00ebn n\u00eb kuad\u00ebr t\u00eb struktur\u00ebs. Pik\u00ebrisht kjo vep\u00ebr e K\u00ebll\u00eb\u00e7it i analizon k\u00ebto dy \u00e7\u00ebshtje n\u00eb kuad\u00ebr t\u00eb p\u00ebrshpirtshm\u00ebris\u00eb islame, e p\u00ebrfaq\u00ebsuar n\u00eb poezin\u00eb e dekan\u00ebve t\u00eb tesavvufit [&hellip;]<\/p>\n","protected":false},"featured_media":4060,"comment_status":"open","ping_status":"closed","template":"","meta":[],"product_brand":[],"product_cat":[96],"product_tag":[],"class_list":{"0":"post-4018","1":"product","2":"type-product","3":"status-publish","4":"has-post-thumbnail","6":"product_cat-elif","8":"first","9":"outofstock","10":"shipping-taxable","11":"product-type-simple"},"_links":{"self":[{"href":"https:\/\/catalog.logos-a.com\/sq\/wp-json\/wp\/v2\/product\/4018","targetHints":{"allow":["GET"]}}],"collection":[{"href":"https:\/\/catalog.logos-a.com\/sq\/wp-json\/wp\/v2\/product"}],"about":[{"href":"https:\/\/catalog.logos-a.com\/sq\/wp-json\/wp\/v2\/types\/product"}],"replies":[{"embeddable":true,"href":"https:\/\/catalog.logos-a.com\/sq\/wp-json\/wp\/v2\/comments?post=4018"}],"wp:featuredmedia":[{"embeddable":true,"href":"https:\/\/catalog.logos-a.com\/sq\/wp-json\/wp\/v2\/media\/4060"}],"wp:attachment":[{"href":"https:\/\/catalog.logos-a.com\/sq\/wp-json\/wp\/v2\/media?parent=4018"}],"wp:term":[{"taxonomy":"product_brand","embeddable":true,"href":"https:\/\/catalog.logos-a.com\/sq\/wp-json\/wp\/v2\/product_brand?post=4018"},{"taxonomy":"product_cat","embeddable":true,"href":"https:\/\/catalog.logos-a.com\/sq\/wp-json\/wp\/v2\/product_cat?post=4018"},{"taxonomy":"product_tag","embeddable":true,"href":"https:\/\/catalog.logos-a.com\/sq\/wp-json\/wp\/v2\/product_tag?post=4018"}],"curies":[{"name":"wp","href":"https:\/\/api.w.org\/{rel}","templated":true}]}}