{"id":3564,"date":"2024-05-02T17:23:47","date_gmt":"2024-05-02T17:23:47","guid":{"rendered":"https:\/\/shop.logos-a.com\/?post_type=product&#038;p=3564"},"modified":"2024-05-02T17:24:36","modified_gmt":"2024-05-02T17:24:36","slug":"sufiu-dhe-poezia-poetika-e-poezise-sufike-osmane-mahmut-erol-kilic","status":"publish","type":"product","link":"https:\/\/catalog.logos-a.com\/tr\/product\/sufiu-dhe-poezia-poetika-e-poezise-sufike-osmane-mahmut-erol-kilic\/","title":{"rendered":"SUFIU DHE POEZIA Poetika e poezis\u00eb sufike osmane | Mahmut Erol Kili\u00e7"},"content":{"rendered":"<p>Analiz\u00eb letrare dhe emocionale e poezis\u00eb sufike osmane me shembuj nga p\u00ebrfaq\u00ebsuesit kryesor\u00eb t\u00eb saj. Nga turqishtja: Metin Izeti<\/p>\n<p><\/p>\n","protected":false},"excerpt":{"rendered":"<p>Analiz\u00eb letrare dhe emocionale e poezis\u00eb sufike osmane me shembuj nga p\u00ebrfaq\u00ebsuesit kryesor\u00eb t\u00eb saj. Nga turqishtja: Metin Izeti<\/p>\n","protected":false},"featured_media":3607,"comment_status":"open","ping_status":"closed","template":"","meta":[],"product_brand":[],"product_cat":[96],"product_tag":[],"class_list":{"0":"post-3564","1":"product","2":"type-product","3":"status-publish","4":"has-post-thumbnail","6":"product_cat-elif","8":"first","9":"outofstock","10":"shipping-taxable","11":"product-type-simple"},"_links":{"self":[{"href":"https:\/\/catalog.logos-a.com\/tr\/wp-json\/wp\/v2\/product\/3564","targetHints":{"allow":["GET"]}}],"collection":[{"href":"https:\/\/catalog.logos-a.com\/tr\/wp-json\/wp\/v2\/product"}],"about":[{"href":"https:\/\/catalog.logos-a.com\/tr\/wp-json\/wp\/v2\/types\/product"}],"replies":[{"embeddable":true,"href":"https:\/\/catalog.logos-a.com\/tr\/wp-json\/wp\/v2\/comments?post=3564"}],"wp:featuredmedia":[{"embeddable":true,"href":"https:\/\/catalog.logos-a.com\/tr\/wp-json\/wp\/v2\/media\/3607"}],"wp:attachment":[{"href":"https:\/\/catalog.logos-a.com\/tr\/wp-json\/wp\/v2\/media?parent=3564"}],"wp:term":[{"taxonomy":"product_brand","embeddable":true,"href":"https:\/\/catalog.logos-a.com\/tr\/wp-json\/wp\/v2\/product_brand?post=3564"},{"taxonomy":"product_cat","embeddable":true,"href":"https:\/\/catalog.logos-a.com\/tr\/wp-json\/wp\/v2\/product_cat?post=3564"},{"taxonomy":"product_tag","embeddable":true,"href":"https:\/\/catalog.logos-a.com\/tr\/wp-json\/wp\/v2\/product_tag?post=3564"}],"curies":[{"name":"wp","href":"https:\/\/api.w.org\/{rel}","templated":true}]}}