{"id":3565,"date":"2024-05-02T17:23:48","date_gmt":"2024-05-02T17:23:48","guid":{"rendered":"https:\/\/shop.logos-a.com\/?post_type=product&#038;p=3565"},"modified":"2024-05-02T17:24:38","modified_gmt":"2024-05-02T17:24:38","slug":"antologjia-e-sufizmit-eva-de-vitray-meyerovitch","status":"publish","type":"product","link":"https:\/\/catalog.logos-a.com\/tr\/product\/antologjia-e-sufizmit-eva-de-vitray-meyerovitch\/","title":{"rendered":"ANTOLOGJIA E SUFIZMIT | Eva De Vitray &#8211; Meyerovitch"},"content":{"rendered":"<div>P\u00ebrmbledhje me sens e poezive, k\u00ebshillave, mendimeve origjinale t\u00eb sufive m\u00eb t\u00eb njohur t\u00eb historis\u00eb s\u00eb tesavvufit islam nga nj\u00eb zonj\u00eb e dashuruar me Mevlana Xhelaluddin Rumiun. Nga fr\u00ebngjishtja &#8211; Altin Qefalia<\/div>\n<div><\/div>\n","protected":false},"excerpt":{"rendered":"<p>P\u00ebrmbledhje me sens e poezive, k\u00ebshillave, mendimeve origjinale t\u00eb sufive m\u00eb t\u00eb njohur t\u00eb historis\u00eb s\u00eb tesavvufit islam nga nj\u00eb zonj\u00eb e dashuruar me Mevlana Xhelaluddin Rumiun. Nga fr\u00ebngjishtja &#8211; Altin Qefalia<\/p>\n","protected":false},"featured_media":3608,"comment_status":"open","ping_status":"closed","template":"","meta":[],"product_brand":[],"product_cat":[96],"product_tag":[],"class_list":{"0":"post-3565","1":"product","2":"type-product","3":"status-publish","4":"has-post-thumbnail","6":"product_cat-elif","8":"first","9":"outofstock","10":"shipping-taxable","11":"product-type-simple"},"_links":{"self":[{"href":"https:\/\/catalog.logos-a.com\/tr\/wp-json\/wp\/v2\/product\/3565","targetHints":{"allow":["GET"]}}],"collection":[{"href":"https:\/\/catalog.logos-a.com\/tr\/wp-json\/wp\/v2\/product"}],"about":[{"href":"https:\/\/catalog.logos-a.com\/tr\/wp-json\/wp\/v2\/types\/product"}],"replies":[{"embeddable":true,"href":"https:\/\/catalog.logos-a.com\/tr\/wp-json\/wp\/v2\/comments?post=3565"}],"wp:featuredmedia":[{"embeddable":true,"href":"https:\/\/catalog.logos-a.com\/tr\/wp-json\/wp\/v2\/media\/3608"}],"wp:attachment":[{"href":"https:\/\/catalog.logos-a.com\/tr\/wp-json\/wp\/v2\/media?parent=3565"}],"wp:term":[{"taxonomy":"product_brand","embeddable":true,"href":"https:\/\/catalog.logos-a.com\/tr\/wp-json\/wp\/v2\/product_brand?post=3565"},{"taxonomy":"product_cat","embeddable":true,"href":"https:\/\/catalog.logos-a.com\/tr\/wp-json\/wp\/v2\/product_cat?post=3565"},{"taxonomy":"product_tag","embeddable":true,"href":"https:\/\/catalog.logos-a.com\/tr\/wp-json\/wp\/v2\/product_tag?post=3565"}],"curies":[{"name":"wp","href":"https:\/\/api.w.org\/{rel}","templated":true}]}}