{"id":3567,"date":"2024-05-02T17:23:49","date_gmt":"2024-05-02T17:23:49","guid":{"rendered":"https:\/\/shop.logos-a.com\/?post_type=product&#038;p=3567"},"modified":"2024-05-02T17:24:40","modified_gmt":"2024-05-02T17:24:40","slug":"biseda-shpirti-omer-tugrull-inancer","status":"publish","type":"product","link":"https:\/\/catalog.logos-a.com\/tr\/product\/biseda-shpirti-omer-tugrull-inancer\/","title":{"rendered":"BISEDA SHPIRTI | Omer Tugrull Inan\u00e7er"},"content":{"rendered":"<p>Lib\u00ebr me larmi t\u00eb \u00e7\u00ebshtjeve, thjesht\u00ebsi t\u00eb shprehjes, qet\u00ebsi t\u00eb komunikimit, me stil t\u00ebrheq\u00ebs si dhe me intimitet p\u00ebrfshir\u00ebs. Nga turqishtja: Muharem Mexhiti, Xhemile Abdiu, Spartak Kadia<\/p>\n","protected":false},"excerpt":{"rendered":"<p>Lib\u00ebr me larmi t\u00eb \u00e7\u00ebshtjeve, thjesht\u00ebsi t\u00eb shprehjes, qet\u00ebsi t\u00eb komunikimit, me stil t\u00ebrheq\u00ebs si dhe me intimitet p\u00ebrfshir\u00ebs. Nga turqishtja: Muharem Mexhiti, Xhemile Abdiu, Spartak Kadia<\/p>\n","protected":false},"featured_media":3610,"comment_status":"open","ping_status":"closed","template":"","meta":[],"product_brand":[],"product_cat":[96],"product_tag":[],"class_list":{"0":"post-3567","1":"product","2":"type-product","3":"status-publish","4":"has-post-thumbnail","6":"product_cat-elif","8":"first","9":"outofstock","10":"shipping-taxable","11":"product-type-simple"},"_links":{"self":[{"href":"https:\/\/catalog.logos-a.com\/tr\/wp-json\/wp\/v2\/product\/3567","targetHints":{"allow":["GET"]}}],"collection":[{"href":"https:\/\/catalog.logos-a.com\/tr\/wp-json\/wp\/v2\/product"}],"about":[{"href":"https:\/\/catalog.logos-a.com\/tr\/wp-json\/wp\/v2\/types\/product"}],"replies":[{"embeddable":true,"href":"https:\/\/catalog.logos-a.com\/tr\/wp-json\/wp\/v2\/comments?post=3567"}],"wp:featuredmedia":[{"embeddable":true,"href":"https:\/\/catalog.logos-a.com\/tr\/wp-json\/wp\/v2\/media\/3610"}],"wp:attachment":[{"href":"https:\/\/catalog.logos-a.com\/tr\/wp-json\/wp\/v2\/media?parent=3567"}],"wp:term":[{"taxonomy":"product_brand","embeddable":true,"href":"https:\/\/catalog.logos-a.com\/tr\/wp-json\/wp\/v2\/product_brand?post=3567"},{"taxonomy":"product_cat","embeddable":true,"href":"https:\/\/catalog.logos-a.com\/tr\/wp-json\/wp\/v2\/product_cat?post=3567"},{"taxonomy":"product_tag","embeddable":true,"href":"https:\/\/catalog.logos-a.com\/tr\/wp-json\/wp\/v2\/product_tag?post=3567"}],"curies":[{"name":"wp","href":"https:\/\/api.w.org\/{rel}","templated":true}]}}