{"id":3582,"date":"2024-05-02T17:24:11","date_gmt":"2024-05-02T17:24:11","guid":{"rendered":"https:\/\/shop.logos-a.com\/?post_type=product&#038;p=3582"},"modified":"2024-05-02T17:24:51","modified_gmt":"2024-05-02T17:24:51","slug":"tregime-te-perzgjedhura-nga-mevlana-ahmet-caglayan","status":"publish","type":"product","link":"https:\/\/catalog.logos-a.com\/tr\/product\/tregime-te-perzgjedhura-nga-mevlana-ahmet-caglayan\/","title":{"rendered":"TREGIME T\u00cb P\u00cbRZGJEDHURA  NGA MEVLANA | Ahmet \u00c7aglayan"},"content":{"rendered":"<p>Tregime nga nj\u00eb mjek kuptimor q\u00eb i sh\u00ebron zemrat dhe q\u00eb le gjurm\u00eb n\u00eb thell\u00ebsit\u00eb e brendis\u00eb s\u00eb njeriut. Nga turqishtja: Altin Qefalia<\/p>\n<p><\/p>\n","protected":false},"excerpt":{"rendered":"<p>Tregime nga nj\u00eb mjek kuptimor q\u00eb i sh\u00ebron zemrat dhe q\u00eb le gjurm\u00eb n\u00eb thell\u00ebsit\u00eb e brendis\u00eb s\u00eb njeriut. Nga turqishtja: Altin Qefalia<\/p>\n","protected":false},"featured_media":3625,"comment_status":"open","ping_status":"closed","template":"","meta":[],"product_brand":[],"product_cat":[96],"product_tag":[],"class_list":{"0":"post-3582","1":"product","2":"type-product","3":"status-publish","4":"has-post-thumbnail","6":"product_cat-elif","8":"first","9":"outofstock","10":"shipping-taxable","11":"product-type-simple"},"_links":{"self":[{"href":"https:\/\/catalog.logos-a.com\/tr\/wp-json\/wp\/v2\/product\/3582","targetHints":{"allow":["GET"]}}],"collection":[{"href":"https:\/\/catalog.logos-a.com\/tr\/wp-json\/wp\/v2\/product"}],"about":[{"href":"https:\/\/catalog.logos-a.com\/tr\/wp-json\/wp\/v2\/types\/product"}],"replies":[{"embeddable":true,"href":"https:\/\/catalog.logos-a.com\/tr\/wp-json\/wp\/v2\/comments?post=3582"}],"wp:featuredmedia":[{"embeddable":true,"href":"https:\/\/catalog.logos-a.com\/tr\/wp-json\/wp\/v2\/media\/3625"}],"wp:attachment":[{"href":"https:\/\/catalog.logos-a.com\/tr\/wp-json\/wp\/v2\/media?parent=3582"}],"wp:term":[{"taxonomy":"product_brand","embeddable":true,"href":"https:\/\/catalog.logos-a.com\/tr\/wp-json\/wp\/v2\/product_brand?post=3582"},{"taxonomy":"product_cat","embeddable":true,"href":"https:\/\/catalog.logos-a.com\/tr\/wp-json\/wp\/v2\/product_cat?post=3582"},{"taxonomy":"product_tag","embeddable":true,"href":"https:\/\/catalog.logos-a.com\/tr\/wp-json\/wp\/v2\/product_tag?post=3582"}],"curies":[{"name":"wp","href":"https:\/\/api.w.org\/{rel}","templated":true}]}}