{"id":3583,"date":"2024-05-02T17:24:12","date_gmt":"2024-05-02T17:24:12","guid":{"rendered":"https:\/\/shop.logos-a.com\/?post_type=product&#038;p=3583"},"modified":"2024-05-02T17:24:53","modified_gmt":"2024-05-02T17:24:53","slug":"nje-shetitje-me-rumiun-dhe-tagoren","status":"publish","type":"product","link":"https:\/\/catalog.logos-a.com\/tr\/product\/nje-shetitje-me-rumiun-dhe-tagoren\/","title":{"rendered":"NJ\u00cb SH\u00cbTITJE ME RUMIUN DHE TAGOREN"},"content":{"rendered":"<p>Ngjashm\u00ebria e fjal\u00ebs e ndikuar nga identiteti i dashuruar n\u00eb t\u00eb v\u00ebrtet\u00ebn i ka bashkuar k\u00ebta dy poet\u00eb n\u00eb k\u00ebt\u00eb vep\u00ebr. P\u00ebrzgjodhi dhe p\u00ebrktheu nga anglishtja: Edison \u00c7eraj<\/p>\n","protected":false},"excerpt":{"rendered":"<p>Ngjashm\u00ebria e fjal\u00ebs e ndikuar nga identiteti i dashuruar n\u00eb t\u00eb v\u00ebrtet\u00ebn i ka bashkuar k\u00ebta dy poet\u00eb n\u00eb k\u00ebt\u00eb vep\u00ebr. P\u00ebrzgjodhi dhe p\u00ebrktheu nga anglishtja: Edison \u00c7eraj<\/p>\n","protected":false},"featured_media":3626,"comment_status":"open","ping_status":"closed","template":"","meta":[],"product_brand":[],"product_cat":[96],"product_tag":[],"class_list":{"0":"post-3583","1":"product","2":"type-product","3":"status-publish","4":"has-post-thumbnail","6":"product_cat-elif","8":"first","9":"outofstock","10":"shipping-taxable","11":"product-type-simple"},"_links":{"self":[{"href":"https:\/\/catalog.logos-a.com\/tr\/wp-json\/wp\/v2\/product\/3583","targetHints":{"allow":["GET"]}}],"collection":[{"href":"https:\/\/catalog.logos-a.com\/tr\/wp-json\/wp\/v2\/product"}],"about":[{"href":"https:\/\/catalog.logos-a.com\/tr\/wp-json\/wp\/v2\/types\/product"}],"replies":[{"embeddable":true,"href":"https:\/\/catalog.logos-a.com\/tr\/wp-json\/wp\/v2\/comments?post=3583"}],"wp:featuredmedia":[{"embeddable":true,"href":"https:\/\/catalog.logos-a.com\/tr\/wp-json\/wp\/v2\/media\/3626"}],"wp:attachment":[{"href":"https:\/\/catalog.logos-a.com\/tr\/wp-json\/wp\/v2\/media?parent=3583"}],"wp:term":[{"taxonomy":"product_brand","embeddable":true,"href":"https:\/\/catalog.logos-a.com\/tr\/wp-json\/wp\/v2\/product_brand?post=3583"},{"taxonomy":"product_cat","embeddable":true,"href":"https:\/\/catalog.logos-a.com\/tr\/wp-json\/wp\/v2\/product_cat?post=3583"},{"taxonomy":"product_tag","embeddable":true,"href":"https:\/\/catalog.logos-a.com\/tr\/wp-json\/wp\/v2\/product_tag?post=3583"}],"curies":[{"name":"wp","href":"https:\/\/api.w.org\/{rel}","templated":true}]}}