{"id":3586,"date":"2024-05-02T17:24:13","date_gmt":"2024-05-02T17:24:13","guid":{"rendered":"https:\/\/shop.logos-a.com\/?post_type=product&#038;p=3586"},"modified":"2024-05-02T17:24:57","modified_gmt":"2024-05-02T17:24:57","slug":"mesnevi-6-vell-mevlana-xhelaluddin-rumi","status":"publish","type":"product","link":"https:\/\/catalog.logos-a.com\/tr\/product\/mesnevi-6-vell-mevlana-xhelaluddin-rumi\/","title":{"rendered":"MESNEVI (6 v\u00ebll.) &#8211; Mevlana Xhelaluddin Rumi"},"content":{"rendered":"<p>Mesnevi n\u00eb gjasht\u00eb v\u00ebllime \u00ebsht\u00eb vepra m\u00eb madh\u00ebshtore e kultur\u00ebs shpirt\u00ebrore sufike e n\u00ebnqiellit mysliman, e shkruar n\u00eb shekullin e 13-t\u00eb nga ana e sufiut t\u00eb njohur Mevlana Xhelaluddin Rumi. Vepra fillon me nj\u00eb Prelud mahnit\u00ebs, ku n\u00eb trajt\u00eb poetike p\u00ebrmes metafor\u00ebs s\u00eb nejit paraqiten vetit\u00eb e njeriut t\u00eb plot\u00eb dhe vazhdon n\u00eb t\u00eb gjasht\u00eb v\u00ebllimet me mendime kategorike, t\u00eb zbukuruara me trajta artistike dhe rr\u00ebfime krejt me q\u00ebllim p\u00ebr t\u00eb zgjuar drit\u00ebn e shpirtit t\u00eb njeriut.<\/p>\n<p>Nga persishtja &#8211; Mithat Hoxha<\/p>\n","protected":false},"excerpt":{"rendered":"<p>Mesnevi n\u00eb gjasht\u00eb v\u00ebllime \u00ebsht\u00eb vepra m\u00eb madh\u00ebshtore e kultur\u00ebs shpirt\u00ebrore sufike e n\u00ebnqiellit mysliman, e shkruar n\u00eb shekullin e 13-t\u00eb nga ana e sufiut t\u00eb njohur Mevlana Xhelaluddin Rumi. Vepra fillon me nj\u00eb Prelud mahnit\u00ebs, ku n\u00eb trajt\u00eb poetike p\u00ebrmes metafor\u00ebs s\u00eb nejit paraqiten vetit\u00eb e njeriut t\u00eb plot\u00eb dhe vazhdon n\u00eb t\u00eb gjasht\u00eb [&hellip;]<\/p>\n","protected":false},"featured_media":3629,"comment_status":"open","ping_status":"closed","template":"","meta":[],"product_brand":[],"product_cat":[96],"product_tag":[],"class_list":{"0":"post-3586","1":"product","2":"type-product","3":"status-publish","4":"has-post-thumbnail","6":"product_cat-elif","8":"first","9":"outofstock","10":"shipping-taxable","11":"product-type-simple"},"_links":{"self":[{"href":"https:\/\/catalog.logos-a.com\/tr\/wp-json\/wp\/v2\/product\/3586","targetHints":{"allow":["GET"]}}],"collection":[{"href":"https:\/\/catalog.logos-a.com\/tr\/wp-json\/wp\/v2\/product"}],"about":[{"href":"https:\/\/catalog.logos-a.com\/tr\/wp-json\/wp\/v2\/types\/product"}],"replies":[{"embeddable":true,"href":"https:\/\/catalog.logos-a.com\/tr\/wp-json\/wp\/v2\/comments?post=3586"}],"wp:featuredmedia":[{"embeddable":true,"href":"https:\/\/catalog.logos-a.com\/tr\/wp-json\/wp\/v2\/media\/3629"}],"wp:attachment":[{"href":"https:\/\/catalog.logos-a.com\/tr\/wp-json\/wp\/v2\/media?parent=3586"}],"wp:term":[{"taxonomy":"product_brand","embeddable":true,"href":"https:\/\/catalog.logos-a.com\/tr\/wp-json\/wp\/v2\/product_brand?post=3586"},{"taxonomy":"product_cat","embeddable":true,"href":"https:\/\/catalog.logos-a.com\/tr\/wp-json\/wp\/v2\/product_cat?post=3586"},{"taxonomy":"product_tag","embeddable":true,"href":"https:\/\/catalog.logos-a.com\/tr\/wp-json\/wp\/v2\/product_tag?post=3586"}],"curies":[{"name":"wp","href":"https:\/\/api.w.org\/{rel}","templated":true}]}}