{"id":3677,"date":"2024-05-02T17:25:48","date_gmt":"2024-05-02T17:25:48","guid":{"rendered":"https:\/\/shop.logos-a.com\/?post_type=product&#038;p=3677"},"modified":"2024-05-02T17:26:43","modified_gmt":"2024-05-02T17:26:43","slug":"%d0%bf%d0%b0%d1%82%d0%be%d1%82-%d0%ba%d0%be%d0%bd-%d1%81%d0%b2%d0%b5%d1%82%d0%bb%d0%b8%d0%bd%d0%b0%d1%82%d0%b0-%d0%b8-%d1%81%d0%be%d0%b7%d0%bd%d0%b0%d0%bd%d0%b8%d0%b5%d1%82%d0%be-%d0%bc%d0%b8%d1%80","status":"publish","type":"product","link":"https:\/\/catalog.logos-a.com\/tr\/product\/%d0%bf%d0%b0%d1%82%d0%be%d1%82-%d0%ba%d0%be%d0%bd-%d1%81%d0%b2%d0%b5%d1%82%d0%bb%d0%b8%d0%bd%d0%b0%d1%82%d0%b0-%d0%b8-%d1%81%d0%be%d0%b7%d0%bd%d0%b0%d0%bd%d0%b8%d0%b5%d1%82%d0%be-%d0%bc%d0%b8%d1%80\/","title":{"rendered":"\u041f\u0410\u0422\u041e\u0422 \u041a\u041e\u041d \u0421\u0412\u0415\u0422\u041b\u0418\u041d\u0410\u0422\u0410 \u0418 \u0421\u041e\u0417\u041d\u0410\u041d\u0418\u0415\u0422\u041e | \u041c\u0438\u0440\u0458\u0430\u043d\u0430 \u0428\u0430\u0431\u0430\u043d\u0438 &#8211; \u041c\u0443\u043a\u0435\u0440\u0435\u043c (Rruga drejt drites dhe dijes | Mirjana Shabani &#8211; Muharem)"},"content":{"rendered":"<p>Rrug\u00ebtimi i nj\u00eb femre drejt Islamit dhe v\u00ebshtir\u00ebsit\u00eb e peripecit\u00eb e shkrira n\u00eb q\u00ebllimin e lart\u00eb i mbushin faqet e k\u00ebtij libri ekzaltues. Libri \u00ebsht\u00eb botuar n\u00eb gjuh\u00ebn maqedonase.<\/p>\n<p><\/p>\n","protected":false},"excerpt":{"rendered":"<p>Rrug\u00ebtimi i nj\u00eb femre drejt Islamit dhe v\u00ebshtir\u00ebsit\u00eb e peripecit\u00eb e shkrira n\u00eb q\u00ebllimin e lart\u00eb i mbushin faqet e k\u00ebtij libri ekzaltues. Libri \u00ebsht\u00eb botuar n\u00eb gjuh\u00ebn maqedonase.<\/p>\n","protected":false},"featured_media":3719,"comment_status":"open","ping_status":"closed","template":"","meta":[],"product_brand":[],"product_cat":[98],"product_tag":[],"class_list":{"0":"post-3677","1":"product","2":"type-product","3":"status-publish","4":"has-post-thumbnail","6":"product_cat-biblioteka-e-xhepit","8":"first","9":"outofstock","10":"shipping-taxable","11":"product-type-simple"},"_links":{"self":[{"href":"https:\/\/catalog.logos-a.com\/tr\/wp-json\/wp\/v2\/product\/3677","targetHints":{"allow":["GET"]}}],"collection":[{"href":"https:\/\/catalog.logos-a.com\/tr\/wp-json\/wp\/v2\/product"}],"about":[{"href":"https:\/\/catalog.logos-a.com\/tr\/wp-json\/wp\/v2\/types\/product"}],"replies":[{"embeddable":true,"href":"https:\/\/catalog.logos-a.com\/tr\/wp-json\/wp\/v2\/comments?post=3677"}],"wp:featuredmedia":[{"embeddable":true,"href":"https:\/\/catalog.logos-a.com\/tr\/wp-json\/wp\/v2\/media\/3719"}],"wp:attachment":[{"href":"https:\/\/catalog.logos-a.com\/tr\/wp-json\/wp\/v2\/media?parent=3677"}],"wp:term":[{"taxonomy":"product_brand","embeddable":true,"href":"https:\/\/catalog.logos-a.com\/tr\/wp-json\/wp\/v2\/product_brand?post=3677"},{"taxonomy":"product_cat","embeddable":true,"href":"https:\/\/catalog.logos-a.com\/tr\/wp-json\/wp\/v2\/product_cat?post=3677"},{"taxonomy":"product_tag","embeddable":true,"href":"https:\/\/catalog.logos-a.com\/tr\/wp-json\/wp\/v2\/product_tag?post=3677"}],"curies":[{"name":"wp","href":"https:\/\/api.w.org\/{rel}","templated":true}]}}