{"id":3694,"date":"2024-05-02T17:26:11","date_gmt":"2024-05-02T17:26:11","guid":{"rendered":"https:\/\/shop.logos-a.com\/?post_type=product&#038;p=3694"},"modified":"2024-05-02T17:26:57","modified_gmt":"2024-05-02T17:26:57","slug":"qasje-religjioze-religjionit-metin-izeti","status":"publish","type":"product","link":"https:\/\/catalog.logos-a.com\/tr\/product\/qasje-religjioze-religjionit-metin-izeti\/","title":{"rendered":"QASJE RELIGJIOZE RELIGJIONIT | Metin Izeti"},"content":{"rendered":"<p>Gjerdan me poezi t\u00eb \u00e7muara q\u00eb mjesht\u00ebrisht aktualitetin e bartin n\u00eb dimensionin e p\u00ebrhershm\u00ebris\u00eb artistike. Nga turqishtja: Mithat Hoxha<\/p>\n","protected":false},"excerpt":{"rendered":"<p>Gjerdan me poezi t\u00eb \u00e7muara q\u00eb mjesht\u00ebrisht aktualitetin e bartin n\u00eb dimensionin e p\u00ebrhershm\u00ebris\u00eb artistike. Nga turqishtja: Mithat Hoxha<\/p>\n","protected":false},"featured_media":3736,"comment_status":"open","ping_status":"closed","template":"","meta":[],"product_brand":[],"product_cat":[98],"product_tag":[],"class_list":{"0":"post-3694","1":"product","2":"type-product","3":"status-publish","4":"has-post-thumbnail","6":"product_cat-biblioteka-e-xhepit","8":"first","9":"outofstock","10":"shipping-taxable","11":"product-type-simple"},"_links":{"self":[{"href":"https:\/\/catalog.logos-a.com\/tr\/wp-json\/wp\/v2\/product\/3694","targetHints":{"allow":["GET"]}}],"collection":[{"href":"https:\/\/catalog.logos-a.com\/tr\/wp-json\/wp\/v2\/product"}],"about":[{"href":"https:\/\/catalog.logos-a.com\/tr\/wp-json\/wp\/v2\/types\/product"}],"replies":[{"embeddable":true,"href":"https:\/\/catalog.logos-a.com\/tr\/wp-json\/wp\/v2\/comments?post=3694"}],"wp:featuredmedia":[{"embeddable":true,"href":"https:\/\/catalog.logos-a.com\/tr\/wp-json\/wp\/v2\/media\/3736"}],"wp:attachment":[{"href":"https:\/\/catalog.logos-a.com\/tr\/wp-json\/wp\/v2\/media?parent=3694"}],"wp:term":[{"taxonomy":"product_brand","embeddable":true,"href":"https:\/\/catalog.logos-a.com\/tr\/wp-json\/wp\/v2\/product_brand?post=3694"},{"taxonomy":"product_cat","embeddable":true,"href":"https:\/\/catalog.logos-a.com\/tr\/wp-json\/wp\/v2\/product_cat?post=3694"},{"taxonomy":"product_tag","embeddable":true,"href":"https:\/\/catalog.logos-a.com\/tr\/wp-json\/wp\/v2\/product_tag?post=3694"}],"curies":[{"name":"wp","href":"https:\/\/api.w.org\/{rel}","templated":true}]}}