{"id":3705,"date":"2024-05-02T17:26:20","date_gmt":"2024-05-02T17:26:20","guid":{"rendered":"https:\/\/shop.logos-a.com\/?post_type=product&#038;p=3705"},"modified":"2024-05-02T17:27:12","modified_gmt":"2024-05-02T17:27:12","slug":"buleza-urtesie-yunus-vehbi-yavuz","status":"publish","type":"product","link":"https:\/\/catalog.logos-a.com\/tr\/product\/buleza-urtesie-yunus-vehbi-yavuz\/","title":{"rendered":"BUL\u00cbZA URT\u00cbSIE | Yunus Vehbi Yavuz"},"content":{"rendered":"<p>Sh\u00ebnime t\u00eb k\u00ebndshme dhe dometh\u00ebn\u00ebse, mbase filozofike, nga situata t\u00eb ndryshme q\u00eb i mund\u00ebsojn\u00eb lexuesit t\u00eb farefisnohet me t\u00eb v\u00ebrtet\u00ebn. Nga turqishtja: Sumejja Pajaziti<\/p>\n<p><\/p>\n<div><\/div>\n<div><\/div>\n","protected":false},"excerpt":{"rendered":"<p>Sh\u00ebnime t\u00eb k\u00ebndshme dhe dometh\u00ebn\u00ebse, mbase filozofike, nga situata t\u00eb ndryshme q\u00eb i mund\u00ebsojn\u00eb lexuesit t\u00eb farefisnohet me t\u00eb v\u00ebrtet\u00ebn. Nga turqishtja: Sumejja Pajaziti<\/p>\n","protected":false},"featured_media":3747,"comment_status":"open","ping_status":"closed","template":"","meta":[],"product_brand":[],"product_cat":[98],"product_tag":[],"class_list":{"0":"post-3705","1":"product","2":"type-product","3":"status-publish","4":"has-post-thumbnail","6":"product_cat-biblioteka-e-xhepit","8":"first","9":"outofstock","10":"shipping-taxable","11":"product-type-simple"},"_links":{"self":[{"href":"https:\/\/catalog.logos-a.com\/tr\/wp-json\/wp\/v2\/product\/3705","targetHints":{"allow":["GET"]}}],"collection":[{"href":"https:\/\/catalog.logos-a.com\/tr\/wp-json\/wp\/v2\/product"}],"about":[{"href":"https:\/\/catalog.logos-a.com\/tr\/wp-json\/wp\/v2\/types\/product"}],"replies":[{"embeddable":true,"href":"https:\/\/catalog.logos-a.com\/tr\/wp-json\/wp\/v2\/comments?post=3705"}],"wp:featuredmedia":[{"embeddable":true,"href":"https:\/\/catalog.logos-a.com\/tr\/wp-json\/wp\/v2\/media\/3747"}],"wp:attachment":[{"href":"https:\/\/catalog.logos-a.com\/tr\/wp-json\/wp\/v2\/media?parent=3705"}],"wp:term":[{"taxonomy":"product_brand","embeddable":true,"href":"https:\/\/catalog.logos-a.com\/tr\/wp-json\/wp\/v2\/product_brand?post=3705"},{"taxonomy":"product_cat","embeddable":true,"href":"https:\/\/catalog.logos-a.com\/tr\/wp-json\/wp\/v2\/product_cat?post=3705"},{"taxonomy":"product_tag","embeddable":true,"href":"https:\/\/catalog.logos-a.com\/tr\/wp-json\/wp\/v2\/product_tag?post=3705"}],"curies":[{"name":"wp","href":"https:\/\/api.w.org\/{rel}","templated":true}]}}