{"id":3721,"date":"2024-05-02T17:26:44","date_gmt":"2024-05-02T17:26:44","guid":{"rendered":"https:\/\/shop.logos-a.com\/?post_type=product&#038;p=3721"},"modified":"2024-05-02T17:27:27","modified_gmt":"2024-05-02T17:27:27","slug":"o-djalosh-ebu-hamid-el-gazali","status":"publish","type":"product","link":"https:\/\/catalog.logos-a.com\/tr\/product\/o-djalosh-ebu-hamid-el-gazali\/","title":{"rendered":"O DJALOSH | Ebu Hamid El &#8211; Gazali"},"content":{"rendered":"<p>P\u00ebrmbledhje e k\u00ebshillave thelb\u00ebsore t\u00eb rip\u00ebrt\u00ebrir\u00ebsit t\u00eb shkencave islame Ebu Hamid el \u2013 Gazaliut, t\u00eb dh\u00ebna t\u00eb rinjve n\u00eb personin e nj\u00eb t\u00eb riu q\u00eb i kishte ndjekur m\u00ebsimet pran\u00eb tij. Nga arabishtja: Hafiz Ataullah Aliu<\/p>\n<p><\/p>\n<p><\/p>\n","protected":false},"excerpt":{"rendered":"<p>P\u00ebrmbledhje e k\u00ebshillave thelb\u00ebsore t\u00eb rip\u00ebrt\u00ebrir\u00ebsit t\u00eb shkencave islame Ebu Hamid el \u2013 Gazaliut, t\u00eb dh\u00ebna t\u00eb rinjve n\u00eb personin e nj\u00eb t\u00eb riu q\u00eb i kishte ndjekur m\u00ebsimet pran\u00eb tij. Nga arabishtja: Hafiz Ataullah Aliu<\/p>\n","protected":false},"featured_media":3765,"comment_status":"open","ping_status":"closed","template":"","meta":[],"product_brand":[],"product_cat":[98],"product_tag":[],"class_list":{"0":"post-3721","1":"product","2":"type-product","3":"status-publish","4":"has-post-thumbnail","6":"product_cat-biblioteka-e-xhepit","8":"first","9":"outofstock","10":"shipping-taxable","11":"product-type-simple"},"_links":{"self":[{"href":"https:\/\/catalog.logos-a.com\/tr\/wp-json\/wp\/v2\/product\/3721","targetHints":{"allow":["GET"]}}],"collection":[{"href":"https:\/\/catalog.logos-a.com\/tr\/wp-json\/wp\/v2\/product"}],"about":[{"href":"https:\/\/catalog.logos-a.com\/tr\/wp-json\/wp\/v2\/types\/product"}],"replies":[{"embeddable":true,"href":"https:\/\/catalog.logos-a.com\/tr\/wp-json\/wp\/v2\/comments?post=3721"}],"wp:featuredmedia":[{"embeddable":true,"href":"https:\/\/catalog.logos-a.com\/tr\/wp-json\/wp\/v2\/media\/3765"}],"wp:attachment":[{"href":"https:\/\/catalog.logos-a.com\/tr\/wp-json\/wp\/v2\/media?parent=3721"}],"wp:term":[{"taxonomy":"product_brand","embeddable":true,"href":"https:\/\/catalog.logos-a.com\/tr\/wp-json\/wp\/v2\/product_brand?post=3721"},{"taxonomy":"product_cat","embeddable":true,"href":"https:\/\/catalog.logos-a.com\/tr\/wp-json\/wp\/v2\/product_cat?post=3721"},{"taxonomy":"product_tag","embeddable":true,"href":"https:\/\/catalog.logos-a.com\/tr\/wp-json\/wp\/v2\/product_tag?post=3721"}],"curies":[{"name":"wp","href":"https:\/\/api.w.org\/{rel}","templated":true}]}}