{"id":3723,"date":"2024-05-02T17:26:45","date_gmt":"2024-05-02T17:26:45","guid":{"rendered":"https:\/\/shop.logos-a.com\/?post_type=product&#038;p=3723"},"modified":"2024-05-02T17:27:30","modified_gmt":"2024-05-02T17:27:30","slug":"pershendetje-per-ty-o-i-dashur-gursel-donmez","status":"publish","type":"product","link":"https:\/\/catalog.logos-a.com\/tr\/product\/pershendetje-per-ty-o-i-dashur-gursel-donmez\/","title":{"rendered":"P\u00cbRSH\u00cbNDETJE P\u00cbR TY, O I DASHUR | G\u00fcrsel D\u00f6nmez"},"content":{"rendered":"<p>P\u00ebrgj\u00ebrim n\u00eb vargje p\u00ebrplot me dashuri p\u00ebr Muhammedin a.s. dhe p\u00ebrshkrim i asaj dashurie p\u00ebrmes personave t\u00eb familjes, zonjave dhe shok\u00ebve t\u00eb tij. Nga turqishtja: Metin Izeti<\/p>\n","protected":false},"excerpt":{"rendered":"<p>P\u00ebrgj\u00ebrim n\u00eb vargje p\u00ebrplot me dashuri p\u00ebr Muhammedin a.s. dhe p\u00ebrshkrim i asaj dashurie p\u00ebrmes personave t\u00eb familjes, zonjave dhe shok\u00ebve t\u00eb tij. Nga turqishtja: Metin Izeti<\/p>\n","protected":false},"featured_media":3767,"comment_status":"open","ping_status":"closed","template":"","meta":[],"product_brand":[],"product_cat":[98],"product_tag":[],"class_list":{"0":"post-3723","1":"product","2":"type-product","3":"status-publish","4":"has-post-thumbnail","6":"product_cat-biblioteka-e-xhepit","8":"first","9":"outofstock","10":"shipping-taxable","11":"product-type-simple"},"_links":{"self":[{"href":"https:\/\/catalog.logos-a.com\/tr\/wp-json\/wp\/v2\/product\/3723","targetHints":{"allow":["GET"]}}],"collection":[{"href":"https:\/\/catalog.logos-a.com\/tr\/wp-json\/wp\/v2\/product"}],"about":[{"href":"https:\/\/catalog.logos-a.com\/tr\/wp-json\/wp\/v2\/types\/product"}],"replies":[{"embeddable":true,"href":"https:\/\/catalog.logos-a.com\/tr\/wp-json\/wp\/v2\/comments?post=3723"}],"wp:featuredmedia":[{"embeddable":true,"href":"https:\/\/catalog.logos-a.com\/tr\/wp-json\/wp\/v2\/media\/3767"}],"wp:attachment":[{"href":"https:\/\/catalog.logos-a.com\/tr\/wp-json\/wp\/v2\/media?parent=3723"}],"wp:term":[{"taxonomy":"product_brand","embeddable":true,"href":"https:\/\/catalog.logos-a.com\/tr\/wp-json\/wp\/v2\/product_brand?post=3723"},{"taxonomy":"product_cat","embeddable":true,"href":"https:\/\/catalog.logos-a.com\/tr\/wp-json\/wp\/v2\/product_cat?post=3723"},{"taxonomy":"product_tag","embeddable":true,"href":"https:\/\/catalog.logos-a.com\/tr\/wp-json\/wp\/v2\/product_tag?post=3723"}],"curies":[{"name":"wp","href":"https:\/\/api.w.org\/{rel}","templated":true}]}}