{"id":4075,"date":"2024-05-02T17:33:17","date_gmt":"2024-05-02T17:33:17","guid":{"rendered":"https:\/\/shop.logos-a.com\/?post_type=product&#038;p=4075"},"modified":"2024-05-02T17:34:09","modified_gmt":"2024-05-02T17:34:09","slug":"sufizmi-dhe-dekonstruksioni-studim-krahasimtar-i-derridase-dhe-ibn-arabiut-ian-almoond","status":"publish","type":"product","link":"https:\/\/catalog.logos-a.com\/tr\/product\/sufizmi-dhe-dekonstruksioni-studim-krahasimtar-i-derridase-dhe-ibn-arabiut-ian-almoond\/","title":{"rendered":"SUFIZMI DHE DEKONSTRUKSIONI &#8211; Studim krahasimtar i Derridas\u00eb dhe Ibn Arabiut | Ian Almoond"},"content":{"rendered":"<p>\u00c7\u2019raport mund t\u00eb ket\u00eb mes nj\u00eb mendimtari postmodern fr\u00ebng dhe nj\u00eb sufiu t\u00eb shekullit XIII? Sa fort mund t\u2019i ngjajn\u00eb kund\u00ebrv\u00ebniet sufiste ndaj racionalitetit n\u00eb mendimin islam mesjetar q\u00ebndres\u00ebs bashk\u00ebkohore, dekonstruktive, ndaj arsyes dhe projektit t\u00eb Iluminizmit? Ky lib\u00ebr ofron nj\u00eb hulumtim t\u00eb k\u00ebtyre \u00e7\u00ebshtjeve.<\/p>\n<p>Nga anglishtja: Edin Q. Lohja<\/p>\n","protected":false},"excerpt":{"rendered":"<p>\u00c7\u2019raport mund t\u00eb ket\u00eb mes nj\u00eb mendimtari postmodern fr\u00ebng dhe nj\u00eb sufiu t\u00eb shekullit XIII? Sa fort mund t\u2019i ngjajn\u00eb kund\u00ebrv\u00ebniet sufiste ndaj racionalitetit n\u00eb mendimin islam mesjetar q\u00ebndres\u00ebs bashk\u00ebkohore, dekonstruktive, ndaj arsyes dhe projektit t\u00eb Iluminizmit? Ky lib\u00ebr ofron nj\u00eb hulumtim t\u00eb k\u00ebtyre \u00e7\u00ebshtjeve. Nga anglishtja: Edin Q. Lohja<\/p>\n","protected":false},"featured_media":4117,"comment_status":"open","ping_status":"closed","template":"","meta":[],"product_brand":[],"product_cat":[96],"product_tag":[],"class_list":{"0":"post-4075","1":"product","2":"type-product","3":"status-publish","4":"has-post-thumbnail","6":"product_cat-elif","8":"first","9":"outofstock","10":"shipping-taxable","11":"product-type-simple"},"_links":{"self":[{"href":"https:\/\/catalog.logos-a.com\/tr\/wp-json\/wp\/v2\/product\/4075","targetHints":{"allow":["GET"]}}],"collection":[{"href":"https:\/\/catalog.logos-a.com\/tr\/wp-json\/wp\/v2\/product"}],"about":[{"href":"https:\/\/catalog.logos-a.com\/tr\/wp-json\/wp\/v2\/types\/product"}],"replies":[{"embeddable":true,"href":"https:\/\/catalog.logos-a.com\/tr\/wp-json\/wp\/v2\/comments?post=4075"}],"wp:featuredmedia":[{"embeddable":true,"href":"https:\/\/catalog.logos-a.com\/tr\/wp-json\/wp\/v2\/media\/4117"}],"wp:attachment":[{"href":"https:\/\/catalog.logos-a.com\/tr\/wp-json\/wp\/v2\/media?parent=4075"}],"wp:term":[{"taxonomy":"product_brand","embeddable":true,"href":"https:\/\/catalog.logos-a.com\/tr\/wp-json\/wp\/v2\/product_brand?post=4075"},{"taxonomy":"product_cat","embeddable":true,"href":"https:\/\/catalog.logos-a.com\/tr\/wp-json\/wp\/v2\/product_cat?post=4075"},{"taxonomy":"product_tag","embeddable":true,"href":"https:\/\/catalog.logos-a.com\/tr\/wp-json\/wp\/v2\/product_tag?post=4075"}],"curies":[{"name":"wp","href":"https:\/\/api.w.org\/{rel}","templated":true}]}}